{"id":14608,"date":"2025-12-19T13:39:24","date_gmt":"2025-12-19T13:39:24","guid":{"rendered":"https:\/\/www.danastoica.ro\/?post_type=product&#038;p=14608"},"modified":"2025-12-19T13:39:24","modified_gmt":"2025-12-19T13:39:24","slug":"transforma-casa-ta-in-acasa","status":"publish","type":"product","link":"https:\/\/www.danastoica.ro\/ro\/produs\/transforma-casa-ta-in-acasa\/","title":{"rendered":"Transform\u0103 casa ta \u00een ACAS\u0102"},"content":{"rendered":"","protected":false},"excerpt":{"rendered":"","protected":false},"featured_media":14609,"template":"","meta":{"_eb_attr":""},"product_brand":[],"product_cat":[39],"product_tag":[],"class_list":{"0":"post-14608","1":"product","2":"type-product","3":"status-publish","4":"has-post-thumbnail","6":"product_cat-uncategorized","8":"first","9":"instock","10":"taxable","11":"shipping-taxable","12":"purchasable","13":"product-type-simple"},"_links":{"self":[{"href":"https:\/\/www.danastoica.ro\/ro\/wp-json\/wp\/v2\/product\/14608","targetHints":{"allow":["GET"]}}],"collection":[{"href":"https:\/\/www.danastoica.ro\/ro\/wp-json\/wp\/v2\/product"}],"about":[{"href":"https:\/\/www.danastoica.ro\/ro\/wp-json\/wp\/v2\/types\/product"}],"wp:featuredmedia":[{"embeddable":true,"href":"https:\/\/www.danastoica.ro\/ro\/wp-json\/wp\/v2\/media\/14609"}],"wp:attachment":[{"href":"https:\/\/www.danastoica.ro\/ro\/wp-json\/wp\/v2\/media?parent=14608"}],"wp:term":[{"taxonomy":"product_brand","embeddable":true,"href":"https:\/\/www.danastoica.ro\/ro\/wp-json\/wp\/v2\/product_brand?post=14608"},{"taxonomy":"product_cat","embeddable":true,"href":"https:\/\/www.danastoica.ro\/ro\/wp-json\/wp\/v2\/product_cat?post=14608"},{"taxonomy":"product_tag","embeddable":true,"href":"https:\/\/www.danastoica.ro\/ro\/wp-json\/wp\/v2\/product_tag?post=14608"}],"curies":[{"name":"wp","href":"https:\/\/api.w.org\/{rel}","templated":true}]}}