{"id":14443,"date":"2025-12-04T01:10:19","date_gmt":"2025-12-04T01:10:19","guid":{"rendered":"https:\/\/www.danastoica.ro\/?page_id=14443"},"modified":"2025-12-04T01:23:52","modified_gmt":"2025-12-04T01:23:52","slug":"gdpr","status":"publish","type":"page","link":"https:\/\/www.danastoica.ro\/ro\/gdpr\/","title":{"rendered":"GDPR"},"content":{"rendered":"<div data-elementor-type=\"wp-page\" data-elementor-id=\"14443\" class=\"elementor elementor-14443\" data-elementor-post-type=\"page\">\n\t\t\t\t<div class=\"elementor-element elementor-element-1735d41 e-flex e-con-boxed e-con e-parent\" data-id=\"1735d41\" data-element_type=\"container\">\n\t\t\t\t\t<div class=\"e-con-inner\">\n\t\t<div class=\"elementor-element elementor-element-9333ee2 e-con-full e-flex e-con e-child\" data-id=\"9333ee2\" data-element_type=\"container\">\n\t\t\t\t<div class=\"elementor-element elementor-element-ff6ea97 elementor-widget elementor-widget-text-editor\" data-id=\"ff6ea97\" data-element_type=\"widget\" data-widget_type=\"text-editor.default\">\n\t\t\t\t\t\t\t\t\t<pre>Politic\u0103 de Confiden\u021bialitate\/GDPR<\/pre><p>IDENTIFICAREA COMERCIANTULUI<\/p><p>DESIGN METAMORFOZA SRL (denumita in continuare \u201cDanaStoica.Ro\u201d, \u201dsite\u201d, \u201cnoi\u201d sau similar) este o companie din Romania, avand sediul social in Str. Nerva Traian 27-33 Sc. B Et. 1 Ap. BIR. 6 Cod 031044, fara punct de lucru declarat, inregistrata la Registrul Comertului sub numarul\u00a0\u00a0J2025011358001, cod fiscal 51311753 , telefon\u00a0+40 772 143 490, email\u00a0contact@danastoica.RO.<\/p><p>Site\u00a0\u2013 prin Site se va intelege domeniul www.danastoica.RO, subdomeniile acestuia si intreg continutul domeniului sau subdomeniilor.<\/p><p>Date de contact:<\/p><p>Email:\u00a0office@danastoica.ro<\/p><p>Telefon:\u00a0+40 741 290 006<\/p><p>Website:\u00a0 danastoica.ro<\/p><p>Adresa sediu: Str. Nerva Traian 27-33\u00a0Sc. B Et. 1 Ap. BIR. 6 Cod 031044<\/p><p>DEFINITII<\/p><p>Prin continut, in sensul prezentelor termeni si conditii se vor intelege urmatoarele:<\/p><p>Oricare dintre informatiile aflate pe SITE care pot fi vizitate, vizualizate sau altfel accesate prin utilizarea unui echipament numeric;<br \/>continutul oricarui e-mail trimis, de catre danastoica.RO, CLIENTILOR sai prin mijloace electronice si\/sau orice alt mijloc de comunicare disponibil;<br \/>orice informatie transmisa prin orice mijloc, de catre un angajat al danastoica.RO, catre oricare dintre CLIENTII Site-ului, conform informatiilor de contactare, specificate sau nu de catre acestia;<br \/>informatii legate de produsele, serviciile si\/sau tarifele practicate de danastoica.RO intr-o anumita perioada;<br \/>informatii legate de produsele, serviciile si\/sau tarifele practicate de catre un tert cu care danastoica.RO are incheiate contracte de parteneriat, intr-o anumita perioada;<br \/>date referitoare la danastoica.RO, sau alte date privilegiate ale acesteia.<\/p><p>CAMPANIE \u2013\u00a0actiunea de a expune in scop comercial, exclusiv in mod electronic si doar prin intermediul site-ului a unui numar finit de produse avand un stoc limitat si predefinit, pentru o perioada limitata de timp stabilita de catre danastoica.RO.\u00a0<\/p><p>SERVICIU\u00a0\u2013 serviciul de comert electronic, in sensul acordarii posibilitatii CLIENTULUI sa contracteze produse si\/sau servicii folosind mijloace exclusiv electronice.\u00a0<\/p><p>MEMBRU\u00a0\u2013 Persoana fizica care obtine acces la CONTINUT, prin orice mijloc de comunicare pus la dispozitie de catre danastoica.RO (electronic, telefonic, etc), in baza unui acord de utilizare existent intre danastoica.RO si acesta si care necesita crearea si utilizarea unui\u00a0CONT.<\/p><p>CONT\u00a0\u2013 ansamblul format dintr-o adresa de e-mail si o parola care permit unui singur MEMBRU accesul la zone restrictionate ale SITEULUI prin care se face accesul la SERVICIU\/contractare.\u00a0<\/p><p>CLIENT\u00a0\u2013 Persoana fizica care are calitatea de MEMBRU danastoica.RO si\/sau persoana care a plasat cel putin o comanda pe site.<\/p><p>DOCUMENT\u00a0\u2013 prezentele Termeni si Conditii<\/p><p>CONTRACT\u00a0la distanta \u2013 conform definitiei cuprinse in O.G. 34\/2014\u00a0orice contract \u00eencheiat \u00eentre profesionist \u015fi consumator \u00een cadrul unui sistem de v\u00e2nz\u0103ri sau de prestare de servicii la distan\u0163\u0103 organizat, f\u0103r\u0103 prezen\u0163a fizic\u0103 simultan\u0103 a profesionistului \u015fi a consumatorului, cu utilizarea exclusiv\u0103 a unuia sau a mai multor mijloace de comunicare la distan\u0163\u0103, p\u00e2n\u0103 la \u015fi inclusiv \u00een momentul \u00een care este \u00eencheiat contractul;<\/p><p>NEWSLETTER \/ ALERTA\u00a0\u2013 mijlocul de informare periodic, exclusiv electronic, respectiv posta electronica (e-mail, SMS), asupra produselor, serviciilor si\/sau promotiilor desfasurate de catre danastoica.RO intr-o anumita perioada, fara nici un angajament din partea danastoica.RO cu referire la informatiile continute de acesta.<\/p><p>TRANZACTIE\u00a0\u2013 incasare sau rambursare a unei sume rezultata din vanzarea sau promisiunea de vanzare a unui produs \/ serviciu de catre danastoica.RO catre Client, prin utilizarea serviciilor procesatorului de carduri agreat de catre danastoica.RO, indiferent de modalitatea de livrare;<\/p><p>DREPTURI DE MARCA<\/p><p>Numele danastoica, danastoica.RO si logo-ul danastoica sunt marci inregistrate de catre MESHBAND SRL. Reproducerea, imitarea, utilizarea sau aplicarea acestor marci fara a fi obtinut in prealabil autorizatie de la MESHBAND SRL constituie infractiune ce se pedepseste conform legilor in vigoare.<\/p><p>\u00a0DREPTURI DE AUTOR (COPYRIGHT)<\/p><p>Intregul continut al site-ului danastoica.RO- imagini, texte, grafice, simboluri, elemente de grafica, scripturi, programe si alte date \u2013 este proprietatea danastoica.RO\u00a0si a furnizorilor sai si este aparat de Legea drepturilor de autor si de legile privind proprietatea intelectuala si industriala. Folosirea fara acordul\u00a0danastoica.RO\u00a0a oricaror elemente enumerate mai sus se pedepseste conform legilor in vigoare.<\/p><p>Membrul sau Clientul poate copia, transfera si\/sau utiliza continut numai in scopuri personale sau non-comerciale, numai in cazul in care acestea nu intra in conflict cu termenii si conditiile site-ului<\/p><p>Niciun continut transmis catre Membru sau Client, prin orice mijloc de comunicare (electronic, telefonic, etc) sau dobandit de acesta prin accesare, vizitare si\/sau vizualizare nu constituie o obligatie contractuala din partea danastoica.RO si\/sau al angajatului danastoica.RO care a mijlocit transferul de continut, in cazul in care aceasta exista, fata de respectivul continut.<\/p><p>Este interzisa orice utilizare a Continutului in alte scopuri decat cele permise expres prin document sau de acordul de utilizare care il insoteste, in cazul in care acesta exista.<\/p><p>Pentru orice sesizare legat\u0103 de drepturile de autor v\u0103 rug\u0103m s\u0103 ne contacta\u021bi la adresa:\u00a0contact@danastoica.RO<\/p><p>CONTACT<\/p><p>danastoica.RO publica pe site, datele de identificare si contact, actualizate spre informarea Clientilor sau Membrilor.<\/p><p>Prin utilizarea formularului de contact sau al serviciului prezent pe site, Membrul sau Clientul permite danastoica.RO sa il contacteze prin orice mijloc disponibil, incluzand si mijloacele electronice, respectiv posta electronica (e-mail, SMS).<\/p><p>Completarea partiala sau integrala a formularului de contact si trimiterea acestuia nu reprezinta in nici un fel un angajament din partea danastoica.RO de a contacta Membrul sau Clientul.<\/p><p>danastoica.RO isi rezerva dreptul de a nu raspunde solicitarilor de orice natura, care nu au legatura cu produsele\/serviciile prezente pe site sau cu un contract incheiat cu un Membru sau Client, primite prin orice mijloc de comunicare (electronic, apel telefonic, SMS, etc).<\/p><p>EMAIL MARKETING SI ALERTE<\/p><p>In momentul in care, Membrul sau Clientul isi creaza un Cont pe Site, accepta Documentul (Termeni si Conditii) \u0219i bifeaz\u0103 op\u021biunea de Abonare la Newsletter sau Alerta SMS, se va considera ca si-a exprimat acordul cu privire la primirea de newslettere si\/sau alerte din partea danastoica.RO, transmise prin posta electronica (e-mail). Optiunea cu privire la acordul emis de catre Client sau Membru, poate fi modificata in orice moment, cu respectarea prevederilor art. 5.3.<\/p><p>Datele preluate de la un Membru sau Client, in scopul expedierii newslettere-lor si\/sau alertelor, pot si vor fi folosite de catre danastoica.RO in limitele\u00a0Politicii de confidentialitate.<\/p><p>Renuntarea la primirea newslettere-lor si\/sau alertelor de catre Membru sau Client se poate face in orice moment prin solicitarea transmisa catre danastoica.RO, de catre Membru sau Client apartinator al contului de Membru sau Client la care se opereaza modificarea\/actualizarea;<\/p><p>Legea nr. 506 din 2004, privind implementarea Directivei ePrivacy \u00een Rom\u00e2nia permite companiilor de genul danastoica.RO, care au clien\u021bi ce au achizi\u021bionat produse ori servicii s\u0103 trimit\u0103 acestor clien\u021bi comunic\u0103ri comerciale similare cu cele pe care le-au achizi\u021bionat deja. \u00cen acel caz nu este nevoie de consim\u021b\u0103m\u00e2ntul CLIENTULUI, ci de men\u021bionarea dreptului clientului de a se opune la trimiterea acestor comunic\u0103ri comerciale.<\/p><p>Renuntarea la primirea newslettere-lor si\/sau alertelor nu implica renuntarea la acceptul dat pentru documentul Termeni si Conditii.<\/p><p>POLITICA DE CONFIDENTIALITATE A DATELOR CU CARACTER PERSONAL<\/p><p>Aceast\u0103 Politic\u0103 stabile\u0219te politica danastoica.RO privitoare la:<\/p><p>Prelucrarea (incluz\u00e2nd colectarea, stocarea, utilizarea, divulgarea de informa\u021bii \u0219i transferul) datelor cu caracter personal ale Clientilor si Membrilor;<br \/>Cerin\u021bele pentru ob\u021binerea consim\u021b\u0103m\u00e2ntului de la persoanele vizate.<br \/>Politica define\u0219te modul \u00een care ar trebui prelucrate datele cu caracter personal (a\u0219a cum sunt definite mai jos) \u0219i stabile\u0219te cerin\u021bele suplimentare pentru prelucrarea categoriilor speciale de date cu caracter personal (de ex. date cu caracter sensibil \u2013 de asemenea, definite mai jos).<\/p><p>Defini\u021bii fundamentale<\/p><p>Ce sunt datele cu caracter personal?<\/p><p>Datele cu caracter personal includ orice informa\u021bie prin care poate fi identificat\u0103, direct sau indirect, o persoan\u0103, de exemplu: nume, email \u0219i alte informa\u021bii de contact, func\u021bia, rezultate ale testelor psihometrice, informa\u021bii manageriale. De asemenea, poate include date care sunt mai greu atribuite unei persoane, cum ar fi codul de identificare, adresa IP, sau un identificator online (username, nick etc).<\/p><p>Care sunt categoriile speciale de date?<\/p><p>\u201cCategoriile speciale de date\u201d sunt date cu caracter personal legate de oricare din urm\u0103toarele tipuri de date: origine rasial\u0103 \u0219i etnic\u0103; opinii politice; credin\u021be religioase, filozofice sau similare; apartenen\u021ba la sindicate; s\u0103n\u0103tatea mental\u0103 sau fizic\u0103; date genetice; date biometrice folosite la identificarea unic\u0103 a unei persoane fizice (inclusiv poze folosite la identificare); via\u021ba sau orientarea sexual\u0103; infrac\u021biuni (reale sau presupuse) sau litigiile pentru orice infrac\u021biune. Romania are, de asemenea, \u0219i reguli speciale pentru prelucrarea identificatorilor unici na\u021bionali (codul numeric personal). (Pentru claritate, \u201ccategoriile speciale de date\u201d erau cunoscute, \u00een trecut, ca, \u0219i sunt c\u00e2teodat\u0103 numite \u201cdate personale sensibile\u201d.)<\/p><p>Ce este prelucrarea?<\/p><p>\u201cPrelucrarea\u201d are un sens foarte larg, \u0219i include aproape orice activitate care implic\u0103, \u00een orice fel, date cu caracter personal, inclusiv ob\u021binerea, vizualizarea, \u00eenregistrarea, stocarea \u0219i divulgarea acestor date.<\/p><p>Ce este o persoan\u0103 vizat\u0103?<\/p><p>Pentru scopul acestei Politici, o \u201cpersoan\u0103 vizat\u0103\u201d este o persoan\u0103 \u00een via\u021b\u0103 despre care danastoica prelucreaz\u0103 date personale. Toate persoanele vizate au drepturi asupra datelor lor personale.<\/p><p>Ce este consim\u021b\u0103m\u00e2ntul?<\/p><p>\u201cConsim\u021b\u0103m\u00e2ntul\u201d unei persoane vizate \u00eenseamn\u0103 orice indica\u021bie liber oferit\u0103, specific\u0103, informat\u0103 \u0219i clar\u0103 a dorin\u021bei persoanei vizate prin care acesta \u00ee\u0219i d\u0103 acordul pentru prelucrarea datelor cu caracter personal. Aceasta poate fi furnizat\u0103 printr-o declara\u021bie dat\u0103 de c\u0103tre persoana vizat\u0103, sau printr-o bifa sau solu\u021bie opt-in. \u00cen particular, consim\u021b\u0103m\u00e2ntul nu poate fi implicit prin ac\u021biuni sau comportamente. Po\u021bi citi mai multe despre consim\u021b\u0103m\u00e2ntul persoanelor vizate \u00een sec\u021biunea 9.<\/p><p>danastoica.RO colecteaza date cu caracter personal pe paginile Siteurilor sale, numai cu acordul voluntar al Membrului sau al Clientului, in urmatoarele scopuri:<\/p><p>validarea, expedierea si facturarea comenzilor catre acesta;<br \/>rezolvarea anularilor sau a problemelor de orice natura referitoare la o comanda sau un contract, la serviciile sau produsele achizitionate de catre acesta;<br \/>pentru a asigura accesul acestuia la serviciu;<br \/>trimiterea de newslettere si\/sau alerte periodice, prin folosirea postei electronice (e-mail, SMS) si\/sau prin apel telefonic;<br \/>contactarea acestuia, la cererea sa voluntara;<br \/>contactarea acestuia, in chestiuni de Relatii cu Clientii;<\/p><p>Prin crearea Contului, fiecare Membru sau Client si-a exprimat consimtamantul ca danastoica.RO sa colecteze si sa adminstreze datele acestuia cu caracter personal, in conditiile si cu respectarea prevederilor\u00a0Legii 677\/2001.<\/p><p>Oricare Membru sau Client are dreptul de a obtine de la danastoica.RO, printr-o cerere scrisa, semnata si datata, in mod gratuit:<\/p><p>confirmarea faptului ca datele care il privesc sunt sau nu sunt prelucrate de acesta<br \/>dupa caz, rectificarea, actualizarea, blocarea sau stergerea datelor a caror prelucrare nu este conforma legii, in special a datelor incomplete sau inexacte;<br \/>dupa caz, transformarea in date anonime a datelor a caror prelucrare nu este conforma legii;<br \/>notificarea catre tertii carora le-au fost dezvaluite datele a oricarei operatiuni efectuate conform lit. b) sau c), daca aceasta notificare nu se dovedeste imposibila sau nu presupune un efort disproportionat fata de interesul legitim care ar putea fi lezat.<br \/>\u00cen virtutea \u00eenregistr\u0103rii voluntare pe site-ul danastoica.RO sau a accesarii (comandarii) produselor\/serviciilor danastoica.RO, Membrul sau Clientul este de acord cu (i\u015fi d\u0103 consim\u0163\u0103m\u00e2ntul pentru) procesarea datelor cu caracter personal de c\u0103tre danastoica.RO \u00een propriul sistem informatic, at\u00e2t manual c\u00e2t \u015fi automat, \u00een scopurile enun\u0163ate la punctul 6.1, \u00een conformitate cu art.5 alin.1 din\u00a0Legea nr. 677\/2001privind protectia si prelucrarea datelor personale. Dac\u0103 Membrul sau Clientul nu este de acord cu prelucrarea datelor sale personale de catre danastoica.RO, acesta are dreptul de a nu utiliza website-ul \u015fi de a nu oferi companiei danastoica.RO date cu caracter personal.<\/p><p>Oricare Membru sau Client are dreptul de a se opune in orice moment, din motive intemeiate si legitime legate de situatia sa particulara, prin transmiterea catre danastoica.RO a unei cereri intocmita in forma scrisa, datata si semnata ca date care o vizeaza sa faca obiectul unei prelucrari, cu exceptia cazurilor in care exista dispozitii legale contrare. In caz de opozitie justificata prelucrarea nu mai poate viza datele in cauza.<\/p><p>Oricare Membru sau Client are dreptul de a se opune in orice moment, in mod gratuit si fara nici o justificare prin transmiterea catre danastoica.RO a unei cereri intocmita in forma scrisa, datata si semnata, ca datele care o vizeaza sa fie prelucrate in scop de marketing direct, in numele operatorului sau al unui tert, sau sa fie dezvaluite unor terti intr-un asemenea scop.<\/p><p>Clientul are dreptul de a se opune, colectarii datelor sale personale si sa solicite stergerea acestora, revocandu-si astfel acordul dat pentru document, si renuntand astfel la orice drept implicit specificat in acesta si fara nicio obligatie ulterioara a vreunei parti fata de cealalta sau fara ca vreo parte sa poata pretinde celeilalte daune-interese.<\/p><p>Pentru exercitarea drepturilor conform art. 6.2, Clientul sau Membrul se va adresa danastoica.RO, prin orice mijloc de comunicare scrisa.<\/p><p>In cazul in care Clientul opteaza pentru plata online a contravalorii comenzilor, sunt acceptate cardurile VISA si MasterCard, emise de institutiile bancare, cu conditia ca bancile emitente sa le fi activat pentru plata online.<\/p><p>danastoica.RO nu solicita si nu stocheaza nici un fel de informatii referitoare la cardul sau cardurile bancare ale Clientului, acestea fiind procesate direct pe serverele furnizorului de servicii de plata online.<\/p><p>Politica de confidentialitate danastoica.RO se refera doar la datele furnizate voluntar de catre Client sau Membru exclusiv pe site. danastoica.RO nu raspunde pentru politica de confidentialitate practicata de catre oricare alt tert la care se poate ajunge prin legaturi, indiferent de natura acestora, in afara siteului.<\/p><p>danastoica.RO se obliga ca datele colectate ale Clientului\/Membrului sa fie folosite numai in conformitate cu scopurile declarate si sa nu faca publica, sa vanda, inchirieze, licentieze, transfere, etc. baza de date continand informatii referitoare la datele cu caracter personal sau special ale Membrului\/Clientului vreunui tert neimplicat in indeplinirea scopurilor declarate.<\/p><p>Exceptie de la prevederile art. 6.7 va face situatia in care transferul \/ accesarea \/ vizualizarea \/ etc este ceruta de catre organele abilitate in cazurile prevazute de reglementarile in vigoare la data producerii evenimentului.<\/p><p>Procesatorul\/procesatorii de carduri bancare agreat(i) de catre danastoica.RO are(au) dreptul de a accesa\/vizualiza orice tip de date\/documente, generate in urma unei comenzi emise, comenzi anulate, contract, contract anulat sau al unui contract onorat, pentru a investiga oricare Tranzactie, in cazul in care aceasta exista.<\/p><p>danastoica.RO garanteaza ca datele personale ale unui client\/utilizator\/membru, colectate prin intermediul formularului de contact, vor fi folosite numai pana la solutionarea problemei comunicate de acesta, dupa care vor deveni date cu caracter exclusiv statistic.<\/p><p>danastoica.RO nu raspunde pentru defectiunile care pot periclita securitatea serverului pe care este gazduita baza de date care contine aceste date cu caracter personaldanastoica@yahoo.com Str. Nerva Traian 27-33 Sc. B Et. 1 Ap. BIR. 6 Cod 031044<\/p>\t\t\t\t\t\t\t\t<\/div>\n\t\t\t\t<\/div>\n\t\t\t\t\t<\/div>\n\t\t\t\t<\/div>\n\t\t\t\t<\/div>","protected":false},"excerpt":{"rendered":"<p>Politic\u0103 de Confiden\u021bialitate\/GDPR IDENTIFICAREA COMERCIANTULUI DESIGN METAMORFOZA SRL (denumita in continuare \u201cDanaStoica.Ro\u201d, \u201dsite\u201d, \u201cnoi\u201d sau similar) este o companie din Romania, avand sediul social in Str. Nerva Traian 27-33 Sc. B Et. 1 Ap. BIR. 6 Cod 031044, fara punct&#8230;<\/p>","protected":false},"author":1,"featured_media":0,"parent":0,"menu_order":0,"comment_status":"closed","ping_status":"closed","template":"","meta":{"_eb_attr":"","footnotes":""},"class_list":["post-14443","page","type-page","status-publish","hentry"],"_links":{"self":[{"href":"https:\/\/www.danastoica.ro\/ro\/wp-json\/wp\/v2\/pages\/14443","targetHints":{"allow":["GET"]}}],"collection":[{"href":"https:\/\/www.danastoica.ro\/ro\/wp-json\/wp\/v2\/pages"}],"about":[{"href":"https:\/\/www.danastoica.ro\/ro\/wp-json\/wp\/v2\/types\/page"}],"author":[{"embeddable":true,"href":"https:\/\/www.danastoica.ro\/ro\/wp-json\/wp\/v2\/users\/1"}],"replies":[{"embeddable":true,"href":"https:\/\/www.danastoica.ro\/ro\/wp-json\/wp\/v2\/comments?post=14443"}],"version-history":[{"count":7,"href":"https:\/\/www.danastoica.ro\/ro\/wp-json\/wp\/v2\/pages\/14443\/revisions"}],"predecessor-version":[{"id":14450,"href":"https:\/\/www.danastoica.ro\/ro\/wp-json\/wp\/v2\/pages\/14443\/revisions\/14450"}],"wp:attachment":[{"href":"https:\/\/www.danastoica.ro\/ro\/wp-json\/wp\/v2\/media?parent=14443"}],"curies":[{"name":"wp","href":"https:\/\/api.w.org\/{rel}","templated":true}]}}